{"id":181,"date":"2025-05-26T15:04:41","date_gmt":"2025-05-26T13:04:41","guid":{"rendered":"https:\/\/www.1x-amp.de\/blog\/?page_id=181"},"modified":"2025-05-26T15:04:41","modified_gmt":"2025-05-26T13:04:41","slug":"uebersicht","status":"publish","type":"page","link":"https:\/\/www.1x-amp.de\/blog\/uebersicht\/","title":{"rendered":"\u00dcbersicht"},"content":{"rendered":"<ul class=\"mkg-html-sitemap\"><li><a href=\"https:\/\/www.1x-amp.de\/blog\/programm-fuer-webseiten-erstellen-aufloesung-als-entscheidender-faktor\/\">Programm f\u00fcr Webseiten erstellen &#8211; Aufl\u00f6sung als entscheidender Faktor<\/a><\/li><li><a href=\"https:\/\/www.1x-amp.de\/blog\/vergleich-der-lautstaerke-und-diskretion-von-vibratoren\/\">Vergleich der Lautst\u00e4rke und Diskretion von Vibratoren<\/a><\/li><li><a href=\"https:\/\/www.1x-amp.de\/blog\/testbericht-fotoworks-xl-2-als-testsieger-als-bildbearbeitungsprogramm-fuer-pc\/\">Testbericht &#8211; FotoWorks XL 2 als Testsieger als Bildbearbeitungsprogramm f\u00fcr PC<\/a><\/li><li><a href=\"https:\/\/www.1x-amp.de\/blog\/informatives-zu-meditation-fuer-anfaenger\/\">Informatives zu Meditation f\u00fcr Anf\u00e4nger<\/a><\/li><li><a href=\"https:\/\/www.1x-amp.de\/blog\/atemuebungen-gegen-stress-aktuelle-trends-und-entwicklungen\/\">Atem\u00fcbungen gegen Stress &#8211; Aktuelle Trends und Entwicklungen<\/a><\/li><li><a href=\"https:\/\/www.1x-amp.de\/blog\/uebersicht\/\">\u00dcbersicht<\/a><\/li><li><a href=\"https:\/\/www.1x-amp.de\/blog\/kacheloefen-und-feuerstellen-fuer-waerme-und-design\/\">Kachel\u00f6fen und Feuerstellen f\u00fcr W\u00e4rme und Design<\/a><\/li><li><a href=\"https:\/\/www.1x-amp.de\/blog\/haustierfreundlicher-garten-mit-spezieller-buddelzone\/\">Haustierfreundlicher Garten mit spezieller Buddelzone<\/a><\/li><li><a href=\"https:\/\/www.1x-amp.de\/blog\/newsletter-programm-anpassung-fuer-mobile-endgeraete-erhoeht-lesbarkeit\/\">Newsletter Programm: Anpassung f\u00fcr mobile Endger\u00e4te erh\u00f6ht Lesbarkeit<\/a><\/li><li><a href=\"https:\/\/www.1x-amp.de\/blog\/blondes-haar-sonnenschutz-solarfiltern-zur-photoprotektion\/\">Blondes Haar Sonnenschutz &#8211; Solarfiltern zur Photoprotektion<\/a><\/li><li><a href=\"https:\/\/www.1x-amp.de\/blog\/diashow-programm-und-diashow-auf-dvd-brennen\/\">Diashow Programm und Diashow auf DVD brennen<\/a><\/li><li><a href=\"https:\/\/www.1x-amp.de\/blog\/top-newsletter-programm-fuer-windows-und-pc\/\">Top Newsletter Programm f\u00fcr Windows und PC<\/a><\/li><li><a href=\"https:\/\/www.1x-amp.de\/blog\/fotobearbeitungsprogramm-grundlagen-cmyk-und-rgb\/\">Fotobearbeitungsprogramm Grundlagen &#8211; CMYK und RGB<\/a><\/li><li><a href=\"https:\/\/www.1x-amp.de\/blog\/wie-ein-newsletter-programm-responsives-e-mail-design-erlaubt\/\">Wie ein Newsletter Programm responsives E-Mail-Design erlaubt<\/a><\/li><li><a href=\"https:\/\/www.1x-amp.de\/blog\/vorleseprogramm-und-die-qualitaet-der-stimmen\/\">Vorleseprogramm und die Qualit\u00e4t der Stimmen<\/a><\/li><li><a href=\"https:\/\/www.1x-amp.de\/blog\/hobby-horsing-der-neue-sport-mit-steckenpferden\/\">Hobby Horsing der neue Sport mit Steckenpferden<\/a><\/li><li><a href=\"https:\/\/www.1x-amp.de\/blog\/serienmail-software-ohne-benutzerkonto\/\">Serienmail Software ohne Benutzerkonto<\/a><\/li><li><a href=\"https:\/\/www.1x-amp.de\/blog\/so-passen-sie-gammawerte-im-bildbearbeitungsprogramm-optimal-an\/\">So passen Sie Gammawerte im Bildbearbeitungsprogramm optimal an<\/a><\/li><li><a href=\"https:\/\/www.1x-amp.de\/blog\/leistungen-einer-unfallversicherung-im-ueberblick\/\">Leistungen einer Unfallversicherung im \u00dcberblick<\/a><\/li><li><a href=\"https:\/\/www.1x-amp.de\/blog\/instruktion-zum-432-hz-converter-multiesocon\/\">Instruktion zum 432 Hz Converter &#8211; MultiEsoCon<\/a><\/li><li><a href=\"https:\/\/www.1x-amp.de\/blog\/wordpress-automation-fuer-wordpress-posts\/\">WordPress Automation f\u00fcr WordPress Posts<\/a><\/li><li><a href=\"https:\/\/www.1x-amp.de\/blog\/prepper-krisenvorsorge-essig-als-desinfektionmittel-und-reinigungsmittel\/\">Prepper Krisenvorsorge &#8211; Essig als Desinfektionmittel und Reinigungsmittel<\/a><\/li><li><a href=\"https:\/\/www.1x-amp.de\/blog\/optimieren-sie-ihre-e-mail-kampagnen-mit-serienmail-software\/\">Optimieren Sie Ihre E-Mail Kampagnen mit Serienmail Software<\/a><\/li><li><a href=\"https:\/\/www.1x-amp.de\/blog\/thomasin-mckenzie-vermoegen-und-sein-erflog\/\">Thomasin McKenzie Verm\u00f6gen und sein Erflog<\/a><\/li><li><a href=\"https:\/\/www.1x-amp.de\/blog\/alles-ueber-432-hz-converter-entspannung-durch-beruhigende-frequenzen\/\">Alles \u00fcber 432 Hz Converter &#8211; Entspannung durch beruhigende Frequenzen<\/a><\/li><li><a href=\"https:\/\/www.1x-amp.de\/blog\/kostenloses-newsletter-programm-und-die-vorteile-beim-versand\/\">Kostenloses Newsletter Programm und die Vorteile beim Versand<\/a><\/li><li><a href=\"https:\/\/www.1x-amp.de\/blog\/gute-homepage-software-und-was-sie-beachten-sollten\/\">Gute Homepage Software und was Sie beachten sollten<\/a><\/li><li><a href=\"https:\/\/www.1x-amp.de\/blog\/homepage-software-und-die-bedeutung-von-icon-sets-fuer-webdesign\/\">Homepage Software und die Bedeutung von Icon-Sets f\u00fcr Webdesign<\/a><\/li><li><a href=\"https:\/\/www.1x-amp.de\/blog\/die-besten-tipps-zur-erstellung-einer-website-fuer-musikliebhaber\/\">Die besten Tipps zur Erstellung einer Website f\u00fcr Musikliebhaber<\/a><\/li><li><a href=\"https:\/\/www.1x-amp.de\/blog\/mobile-klimaanlage-mit-heizung-und-nachtmodus\/\">Mobile Klimaanlage mit Heizung und Nachtmodus<\/a><\/li><\/ul><div class=\"mkg-sitemap-pagination\"><span class=\"page-numbers current\">1<\/span> <a class=\"page-numbers\" href=\"\/blog\/wp-json\/wp\/v2\/pages\/181?sitemap_page=2\">2<\/a> <a class=\"next page-numbers\" href=\"\/blog\/wp-json\/wp\/v2\/pages\/181?sitemap_page=2\">Weiter \u00bb<\/a><\/div>\n","protected":false},"excerpt":{"rendered":"","protected":false},"author":1,"featured_media":0,"parent":0,"menu_order":0,"comment_status":"closed","ping_status":"closed","template":"","meta":{"footnotes":""},"class_list":["post-181","page","type-page","status-publish","hentry"],"_links":{"self":[{"href":"https:\/\/www.1x-amp.de\/blog\/wp-json\/wp\/v2\/pages\/181","targetHints":{"allow":["GET"]}}],"collection":[{"href":"https:\/\/www.1x-amp.de\/blog\/wp-json\/wp\/v2\/pages"}],"about":[{"href":"https:\/\/www.1x-amp.de\/blog\/wp-json\/wp\/v2\/types\/page"}],"author":[{"embeddable":true,"href":"https:\/\/www.1x-amp.de\/blog\/wp-json\/wp\/v2\/users\/1"}],"replies":[{"embeddable":true,"href":"https:\/\/www.1x-amp.de\/blog\/wp-json\/wp\/v2\/comments?post=181"}],"version-history":[{"count":1,"href":"https:\/\/www.1x-amp.de\/blog\/wp-json\/wp\/v2\/pages\/181\/revisions"}],"predecessor-version":[{"id":182,"href":"https:\/\/www.1x-amp.de\/blog\/wp-json\/wp\/v2\/pages\/181\/revisions\/182"}],"wp:attachment":[{"href":"https:\/\/www.1x-amp.de\/blog\/wp-json\/wp\/v2\/media?parent=181"}],"curies":[{"name":"wp","href":"https:\/\/api.w.org\/{rel}","templated":true}]}}